{"id":295,"date":"2024-03-26T15:05:16","date_gmt":"2024-03-26T14:05:16","guid":{"rendered":"https:\/\/savrp.de\/intranet\/?page_id=295"},"modified":"2025-01-18T15:26:06","modified_gmt":"2025-01-18T14:26:06","slug":"nuetzliches","status":"publish","type":"page","link":"https:\/\/savrp.de\/intranet\/?page_id=295","title":{"rendered":"N\u00fctzliches"},"content":{"rendered":"\t\t<div data-elementor-type=\"wp-page\" data-elementor-id=\"295\" class=\"elementor elementor-295\">\n\t\t\t\t<div class=\"elementor-element elementor-element-a47203c e-flex e-con-boxed e-con e-parent\" data-id=\"a47203c\" data-element_type=\"container\" data-e-type=\"container\">\n\t\t\t\t\t<div class=\"e-con-inner\">\n\t\t<div class=\"elementor-element elementor-element-f387d81 e-con-full e-flex e-con e-child\" data-id=\"f387d81\" data-element_type=\"container\" data-e-type=\"container\">\n\t\t\t\t<div class=\"elementor-element elementor-element-515ffc7 elementor-widget elementor-widget-text-editor\" data-id=\"515ffc7\" data-element_type=\"widget\" data-e-type=\"widget\" data-widget_type=\"text-editor.default\">\n\t\t\t\t<div class=\"elementor-widget-container\">\n\t\t\t\t\t\t\t\t\t<p><a href=\"https:\/\/savrp.de\/weazelnews\/\"><img decoding=\"async\" class=\" wp-image-300 aligncenter\" src=\"https:\/\/savrp.de\/intranet\/wp-content\/uploads\/2024\/03\/cropped-cropped-Weazel-News-Logo-300x139.png\" alt=\"\" width=\"236\" height=\"109\" srcset=\"https:\/\/savrp.de\/intranet\/wp-content\/uploads\/2024\/03\/cropped-cropped-Weazel-News-Logo-300x139.png 300w, https:\/\/savrp.de\/intranet\/wp-content\/uploads\/2024\/03\/cropped-cropped-Weazel-News-Logo-768x356.png 768w, https:\/\/savrp.de\/intranet\/wp-content\/uploads\/2024\/03\/cropped-cropped-Weazel-News-Logo.png 862w\" sizes=\"(max-width: 236px) 100vw, 236px\" \/><\/a><\/p><p>Weazel News ist eine f\u00fchrende Nachrichtenquelle, die rund um die Uhr aktuelle Berichte und Analysen zu globalen Ereignissen anbietet. Mit einem Team aus erfahrenen Journalisten deckt Weazel News ein breites Themenspektrum ab, von Politik \u00fcber Wirtschaft bis hin zu Kultur und Sport. Die Organisation ist f\u00fcr ihre schnelle, pr\u00e4zise und unparteiische Berichterstattung bekannt und nutzt modernste Technologien, um ihr Publikum auf dem Laufenden zu halten. Auf der offiziellen Webseite finden Interessierte die neuesten Nachrichten und vertiefende Einblicke.<\/p>\t\t\t\t\t\t\t\t<\/div>\n\t\t\t\t<\/div>\n\t\t\t\t<\/div>\n\t\t<div class=\"elementor-element elementor-element-53aa0e5 e-con-full e-flex e-con e-child\" data-id=\"53aa0e5\" data-element_type=\"container\" data-e-type=\"container\">\n\t\t\t\t<div class=\"elementor-element elementor-element-1345f89 elementor-widget elementor-widget-text-editor\" data-id=\"1345f89\" data-element_type=\"widget\" data-e-type=\"widget\" data-widget_type=\"text-editor.default\">\n\t\t\t\t<div class=\"elementor-widget-container\">\n\t\t\t\t\t\t\t\t\t<p><a href=\"https:\/\/savrp.de\/map\/\"><img decoding=\"async\" class=\" wp-image-308 aligncenter\" src=\"https:\/\/savrp.de\/intranet\/wp-content\/uploads\/2024\/03\/map-300x139.png\" alt=\"\" width=\"236\" height=\"109\" srcset=\"https:\/\/savrp.de\/intranet\/wp-content\/uploads\/2024\/03\/map-300x139.png 300w, https:\/\/savrp.de\/intranet\/wp-content\/uploads\/2024\/03\/map-768x356.png 768w, https:\/\/savrp.de\/intranet\/wp-content\/uploads\/2024\/03\/map.png 862w\" sizes=\"(max-width: 236px) 100vw, 236px\" \/><\/a><\/p><div class=\"flex flex-grow flex-col max-w-full\"><div class=\"min-h-[20px] text-message flex flex-col items-start gap-3 whitespace-pre-wrap break-words [.text-message+&amp;]:mt-5 overflow-x-auto\" data-message-author-role=\"assistant\" data-message-id=\"fedeef76-2bf9-4de5-a279-838a4b74ee22\"><div class=\"markdown prose w-full break-words dark:prose-invert dark\"><p>MapExplorer ist ein Online-Kartendienst, der detaillierte und interaktive Karten weltweit zur Verf\u00fcgung stellt. Die Plattform erm\u00f6glicht es Nutzern, Orte zu erkunden und Informationen \u00fcber verschiedene Regionen zu erhalten. Mit einer einfachen und intuitiven Benutzeroberfl\u00e4che bietet MapExplorer aktuelle Kartendaten und ist ideal f\u00fcr die Erkundung geografischer Details. Nutzer k\u00f6nnen auf der Webseite von MapExplorer einfach auf umfangreiche Kartenansichten zugreifen.<\/p><\/div><\/div><\/div>\t\t\t\t\t\t\t\t<\/div>\n\t\t\t\t<\/div>\n\t\t\t\t<\/div>\n\t\t\t\t\t<\/div>\n\t\t\t\t<\/div>\n\t\t\t\t<\/div>\n\t\t","protected":false},"excerpt":{"rendered":"<p>Weazel News ist eine f\u00fchrende Nachrichtenquelle, die rund um die Uhr aktuelle Berichte und Analysen zu globalen Ereignissen anbietet. Mit einem Team aus erfahrenen Journalisten deckt Weazel News ein breites Themenspektrum ab, von Politik \u00fcber Wirtschaft bis hin zu Kultur und Sport. Die Organisation ist f\u00fcr ihre schnelle, pr\u00e4zise und unparteiische Berichterstattung bekannt und nutzt [&hellip;]<\/p>\n","protected":false},"author":1,"featured_media":0,"parent":0,"menu_order":0,"comment_status":"closed","ping_status":"closed","template":"","meta":{"footnotes":""},"class_list":["post-295","page","type-page","status-publish","hentry","post"],"_links":{"self":[{"href":"https:\/\/savrp.de\/intranet\/index.php?rest_route=\/wp\/v2\/pages\/295","targetHints":{"allow":["GET"]}}],"collection":[{"href":"https:\/\/savrp.de\/intranet\/index.php?rest_route=\/wp\/v2\/pages"}],"about":[{"href":"https:\/\/savrp.de\/intranet\/index.php?rest_route=\/wp\/v2\/types\/page"}],"author":[{"embeddable":true,"href":"https:\/\/savrp.de\/intranet\/index.php?rest_route=\/wp\/v2\/users\/1"}],"replies":[{"embeddable":true,"href":"https:\/\/savrp.de\/intranet\/index.php?rest_route=%2Fwp%2Fv2%2Fcomments&post=295"}],"version-history":[{"count":30,"href":"https:\/\/savrp.de\/intranet\/index.php?rest_route=\/wp\/v2\/pages\/295\/revisions"}],"predecessor-version":[{"id":1223,"href":"https:\/\/savrp.de\/intranet\/index.php?rest_route=\/wp\/v2\/pages\/295\/revisions\/1223"}],"wp:attachment":[{"href":"https:\/\/savrp.de\/intranet\/index.php?rest_route=%2Fwp%2Fv2%2Fmedia&parent=295"}],"curies":[{"name":"wp","href":"https:\/\/api.w.org\/{rel}","templated":true}]}}