{"id":23,"date":"2024-01-23T10:13:12","date_gmt":"2024-01-23T09:13:12","guid":{"rendered":"https:\/\/savrp.de\/intranet\/index.php\/homepage\/"},"modified":"2025-02-16T17:44:57","modified_gmt":"2025-02-16T16:44:57","slug":"homepage","status":"publish","type":"page","link":"https:\/\/savrp.de\/intranet\/","title":{"rendered":"Homepage"},"content":{"rendered":"\t\t<div data-elementor-type=\"wp-page\" data-elementor-id=\"23\" class=\"elementor elementor-23\">\n\t\t\t\t<div class=\"elementor-element elementor-element-c763268 e-flex e-con-boxed e-con e-parent\" data-id=\"c763268\" data-element_type=\"container\" data-e-type=\"container\">\n\t\t\t\t\t<div class=\"e-con-inner\">\n\t\t\t\t<div class=\"elementor-element elementor-element-810cd47 elementor-widget elementor-widget-text-editor\" data-id=\"810cd47\" data-element_type=\"widget\" data-e-type=\"widget\" data-widget_type=\"text-editor.default\">\n\t\t\t\t<div class=\"elementor-widget-container\">\n\t\t\t\t\t\t\t\t\t<h2><strong>Willkommen im San Andreas V Intranet!<\/strong><\/h2><p>Liebe B\u00fcrgerinnen und B\u00fcrger von San Andreas,<\/p><p>herzlich willkommen in unserem exklusiven San Andreas V Intranet. Dieses Netzwerk wurde entwickelt, um die Einwohner von San Andreas mit einer sicheren, schnellen und auf unsere Gemeinschaft zugeschnittenen Informationsquelle zu versorgen.<\/p><h2><strong>Was ist das San Andreas V Intranet?<\/strong><\/h2><p>Das San Andreas V Intranet agiert \u00e4hnlich wie das allgemeine Internet, das Sie kennen, ist jedoch ausschlie\u00dflich auf unsere Region zugeschnitten. Es bietet einen exklusiven Zugriff auf Websites von Herstellern, Firmen, Gesch\u00e4ften und vielen weiteren Einrichtungen aus San Andreas. Es ist Ihre one-stop Informationsquelle f\u00fcr alles, was in San Andreas passiert.<\/p><p>Welche Informationen finden Sie hier?<\/p><ul><li>Firmen &amp; Hersteller: Suchen Sie Informationen zu einem bestimmten Unternehmen oder Produkt? Das Intranet beheimatet Websites von zahlreichen regionalen Herstellern und Firmen, die detaillierte Infos, Kontaktdaten und mehr bereitstellen.<\/li><li>Wissenswerte Eintr\u00e4ge: Entdecken Sie unsere reichhaltige Wissensdatenbank! Von historischen Fakten \u00fcber San Andreas bis hin zu Tipps und Tricks f\u00fcr den Alltag \u2013 das Intranet ist Ihr Tor zu einer Welt des Wissens.<\/li><\/ul><p>Das San Andreas V Intranet ist Ihr vertrauensw\u00fcrdiger Begleiter in der digitalen Welt von San Andreas. Nutzen Sie es, entdecken Sie es und teilen Sie Ihr Feedback mit uns, damit wir dieses Netzwerk stetig verbessern k\u00f6nnen.<\/p><p>Wir w\u00fcnschen Ihnen viel Spa\u00df und erfolgreiche Recherchen im San Andreas V Intranet!<\/p><p>Mit freundlichen Gr\u00fc\u00dfen,<br \/>Das San Andreas V Intranet Team.<\/p>\t\t\t\t\t\t\t\t<\/div>\n\t\t\t\t<\/div>\n\t\t\t\t\t<\/div>\n\t\t\t\t<\/div>\n\t\t<div class=\"elementor-element elementor-element-63b93aa e-flex e-con-boxed e-con e-parent\" data-id=\"63b93aa\" data-element_type=\"container\" data-e-type=\"container\">\n\t\t\t\t\t<div class=\"e-con-inner\">\n\t\t\t\t<div class=\"elementor-element elementor-element-96e02e9 elementor-widget elementor-widget-text-editor\" data-id=\"96e02e9\" data-element_type=\"widget\" data-e-type=\"widget\" data-widget_type=\"text-editor.default\">\n\t\t\t\t<div class=\"elementor-widget-container\">\n\t\t\t\t\t\t\t\t\t<p><img decoding=\"async\" class=\"alignnone size-full wp-image-161 alignleft\" src=\"https:\/\/savrp.de\/intranet\/wp-content\/uploads\/2024\/01\/behoerden.png.webp\" alt=\"\" width=\"150\" height=\"150\" \/><img decoding=\"async\" class=\"alignnone size-medium wp-image-162 alignleft\" src=\"https:\/\/savrp.de\/intranet\/wp-content\/uploads\/2024\/01\/fahrzeughandel.png.webp\" alt=\"\" width=\"150\" height=\"150\" \/> <img decoding=\"async\" class=\"alignnone size-medium wp-image-163 alignleft\" src=\"https:\/\/savrp.de\/intranet\/wp-content\/uploads\/2024\/01\/gewerbe.png.webp\" alt=\"\" width=\"150\" height=\"150\" \/> <img loading=\"lazy\" decoding=\"async\" class=\"alignnone size-medium wp-image-164 alignleft\" src=\"https:\/\/savrp.de\/intranet\/wp-content\/uploads\/2024\/01\/mechaniker.png.webp\" alt=\"\" width=\"150\" height=\"150\" \/> <img loading=\"lazy\" decoding=\"async\" class=\"alignnone size-medium wp-image-165 alignleft\" src=\"https:\/\/savrp.de\/intranet\/wp-content\/uploads\/2024\/01\/nachtclubs.png.webp\" alt=\"\" width=\"150\" height=\"150\" \/><\/p>\t\t\t\t\t\t\t\t<\/div>\n\t\t\t\t<\/div>\n\t\t\t\t\t<\/div>\n\t\t\t\t<\/div>\n\t\t<div class=\"elementor-element elementor-element-79da26e e-flex e-con-boxed e-con e-parent\" data-id=\"79da26e\" data-element_type=\"container\" data-e-type=\"container\">\n\t\t\t\t\t<div class=\"e-con-inner\">\n\t\t\t\t<div class=\"elementor-element elementor-element-d6e53e3 elementor-widget elementor-widget-text-editor\" data-id=\"d6e53e3\" data-element_type=\"widget\" data-e-type=\"widget\" data-widget_type=\"text-editor.default\">\n\t\t\t\t<div class=\"elementor-widget-container\">\n\t\t\t\t\t\t\t\t\t<h6 style=\"text-align: center;\"><img loading=\"lazy\" decoding=\"async\" class=\"alignnone size-full wp-image-71\" src=\"https:\/\/savrp.de\/intranet\/wp-content\/uploads\/2024\/01\/600113LogoLifeInvaderGM-300x72.png-1.webp\" alt=\"\" width=\"300\" height=\"72\" \/><\/h6><h6 style=\"text-align: center;\"><strong>Made with \u2665\ufe0f and \u2615 by Dennis.<\/strong><\/h6>\t\t\t\t\t\t\t\t<\/div>\n\t\t\t\t<\/div>\n\t\t\t\t\t<\/div>\n\t\t\t\t<\/div>\n\t\t\t\t<\/div>\n\t\t","protected":false},"excerpt":{"rendered":"<p>Willkommen im San Andreas V Intranet! Liebe B\u00fcrgerinnen und B\u00fcrger von San Andreas, herzlich willkommen in unserem exklusiven San Andreas V Intranet. Dieses Netzwerk wurde entwickelt, um die Einwohner von San Andreas mit einer sicheren, schnellen und auf unsere Gemeinschaft zugeschnittenen Informationsquelle zu versorgen. Was ist das San Andreas V Intranet? Das San Andreas V [&hellip;]<\/p>\n","protected":false},"author":1,"featured_media":0,"parent":0,"menu_order":0,"comment_status":"closed","ping_status":"closed","template":"","meta":{"footnotes":""},"class_list":["post-23","page","type-page","status-publish","hentry","post"],"_links":{"self":[{"href":"https:\/\/savrp.de\/intranet\/index.php?rest_route=\/wp\/v2\/pages\/23","targetHints":{"allow":["GET"]}}],"collection":[{"href":"https:\/\/savrp.de\/intranet\/index.php?rest_route=\/wp\/v2\/pages"}],"about":[{"href":"https:\/\/savrp.de\/intranet\/index.php?rest_route=\/wp\/v2\/types\/page"}],"author":[{"embeddable":true,"href":"https:\/\/savrp.de\/intranet\/index.php?rest_route=\/wp\/v2\/users\/1"}],"replies":[{"embeddable":true,"href":"https:\/\/savrp.de\/intranet\/index.php?rest_route=%2Fwp%2Fv2%2Fcomments&post=23"}],"version-history":[{"count":40,"href":"https:\/\/savrp.de\/intranet\/index.php?rest_route=\/wp\/v2\/pages\/23\/revisions"}],"predecessor-version":[{"id":1233,"href":"https:\/\/savrp.de\/intranet\/index.php?rest_route=\/wp\/v2\/pages\/23\/revisions\/1233"}],"wp:attachment":[{"href":"https:\/\/savrp.de\/intranet\/index.php?rest_route=%2Fwp%2Fv2%2Fmedia&parent=23"}],"curies":[{"name":"wp","href":"https:\/\/api.w.org\/{rel}","templated":true}]}}