{"id":59,"date":"2025-02-15T20:43:57","date_gmt":"2025-02-15T19:43:57","guid":{"rendered":"https:\/\/savrp.de\/doj\/home-page\/"},"modified":"2025-02-16T16:14:38","modified_gmt":"2025-02-16T15:14:38","slug":"home-page","status":"publish","type":"page","link":"https:\/\/savrp.de\/doj\/","title":{"rendered":"Home Page"},"content":{"rendered":"<div id=\"pl-59\"  class=\"panel-layout\" ><div id=\"pg-59-0\"  class=\"panel-grid panel-no-style\" ><div id=\"pgc-59-0-0\"  class=\"panel-grid-cell\" ><div id=\"panel-59-0-0-0\" class=\"so-panel widget widget_circleicon-widget panel-first-child panel-last-child\" data-index=\"0\" >\t\t<div class=\"circle-icon-box circle-icon-position-top circle-icon-hide-box circle-icon-size-small \">\n\t\t\t\t\t\t\t<div class=\"circle-icon-wrapper\">\n\t\t\t\t\t\t\t\t\t\t<div class=\"circle-icon\" >\n\t\t\t\t\t\t\t\t\t\t\t\t\t<div class=\"fa fa-pencil-square-o\" ><\/div>\n\t\t\t\t\t\t\t\t\t\t\t<\/div> \n\t\t\t\t\t\t\t\t\t<\/div>\n\t\t\t\n\t\t\t\t\t\t\t\t\t\t<h4 >\n\t\t\t\t\t\u2696\ufe0f Rechtssicherheit f\u00fcr alle\t\t\t\t<\/h4>\n\t\t\t\t\t\t\n\t\t\t\t\t\t\t<p class=\"text\" >Das Department of Justice des Staates San Andreas steht f\u00fcr eine faire und transparente Justiz. Wir setzen uns f\u00fcr Gerechtigkeit, Rechtsschutz und die Einhaltung der Gesetze ein.<\/p>\n\t\t\t\t\t\t\t\t<\/div>\n\t\t<\/div><\/div><div id=\"pgc-59-0-1\"  class=\"panel-grid-cell\" ><div id=\"panel-59-0-1-0\" class=\"so-panel widget widget_circleicon-widget panel-first-child panel-last-child\" data-index=\"1\" >\t\t<div class=\"circle-icon-box circle-icon-position-top circle-icon-hide-box circle-icon-size-small \">\n\t\t\t\t\t\t\t<div class=\"circle-icon-wrapper\">\n\t\t\t\t\t\t\t\t\t\t<div class=\"circle-icon\" >\n\t\t\t\t\t\t\t\t\t\t\t\t\t<div class=\"fa fa-check-circle-o\" ><\/div>\n\t\t\t\t\t\t\t\t\t\t\t<\/div> \n\t\t\t\t\t\t\t\t\t<\/div>\n\t\t\t\n\t\t\t\t\t\t\t\t\t\t<h4 >\n\t\t\t\t\t\ud83c\udfdb\ufe0f Effiziente Gerichtsbarkeit\t\t\t\t<\/h4>\n\t\t\t\t\t\t\n\t\t\t\t\t\t\t<p class=\"text\" >Unsere Gerichte arbeiten unabh\u00e4ngig und effizient, um Rechtssicherheit f\u00fcr alle B\u00fcrger zu gew\u00e4hrleisten. Vom Strafrecht bis zum Zivilrecht \u2013 wir sorgen f\u00fcr eine gerechte Urteilsfindung.<\/p>\n\t\t\t\t\t\t\t\t<\/div>\n\t\t<\/div><\/div><div id=\"pgc-59-0-2\"  class=\"panel-grid-cell\" ><div id=\"panel-59-0-2-0\" class=\"so-panel widget widget_circleicon-widget panel-first-child panel-last-child\" data-index=\"2\" >\t\t<div class=\"circle-icon-box circle-icon-position-top circle-icon-hide-box circle-icon-size-small \">\n\t\t\t\t\t\t\t<div class=\"circle-icon-wrapper\">\n\t\t\t\t\t\t\t\t\t\t<div class=\"circle-icon\" >\n\t\t\t\t\t\t\t\t\t\t\t\t\t<div class=\"fa fa-at\" ><\/div>\n\t\t\t\t\t\t\t\t\t\t\t<\/div> \n\t\t\t\t\t\t\t\t\t<\/div>\n\t\t\t\n\t\t\t\t\t\t\t\t\t\t<h4 >\n\t\t\t\t\t\ud83d\udd0d Strenge Gesetzesdurchsetzung\t\t\t\t<\/h4>\n\t\t\t\t\t\t\n\t\t\t\t\t\t\t<p class=\"text\" >Unsere Beh\u00f6rden und Ermittler stellen sicher, dass Gesetze konsequent durchgesetzt werden. Mit moderner Technologie und hoher Expertise bek\u00e4mpfen wir Kriminalit\u00e4t und Korruption.<\/p>\n\t\t\t\t\t\t\t\t<\/div>\n\t\t<\/div><\/div><\/div><div id=\"pg-59-1\"  class=\"panel-grid panel-has-style\" ><div class=\"wide-grey panel-row-style panel-row-style-for-59-1\" ><div id=\"pgc-59-1-0\"  class=\"panel-grid-cell\" ><div id=\"panel-59-1-0-0\" class=\"so-panel widget widget_headline-widget panel-first-child panel-last-child\" data-index=\"3\" >\t\t<h1>Department of Justice \u2013 F\u00fcr Gerechtigkeit und Ordnung<\/h1>\n\t\t<div class=\"decoration\"><div class=\"decoration-inside\"><\/div><\/div>\n\t\t<h3>Unser Ziel ist es, die Gesetze von San Andreas mit h\u00f6chster Integrit\u00e4t, Fairness und Entschlossenheit durchzusetzen. Wir stehen f\u00fcr Rechtssicherheit, unabh\u00e4ngige Urteile und einen starken Rechtsstaat, der f\u00fcr alle B\u00fcrger gleicherma\u00dfen gilt. Ob Strafverfolgung, Zivilrecht oder juristische Beratung \u2013 wir setzen uns daf\u00fcr ein, dass Gerechtigkeit nicht nur ein Versprechen, sondern gelebte Realit\u00e4t ist.<\/h3>\n\t\t<\/div><\/div><\/div><\/div><\/div>","protected":false},"excerpt":{"rendered":"<p>\u2696\ufe0f Rechtssicherheit f\u00fcr alle Das Department of Justice des Staates San Andreas steht f\u00fcr eine faire und transparente Justiz. Wir setzen uns f\u00fcr Gerechtigkeit, Rechtsschutz und die Einhaltung der Gesetze ein. \ud83c\udfdb\ufe0f Effiziente Gerichtsbarkeit Unsere Gerichte arbeiten unabh\u00e4ngig und effizient, um Rechtssicherheit f\u00fcr alle B\u00fcrger zu gew\u00e4hrleisten. Vom Strafrecht bis zum Zivilrecht \u2013 wir sorgen [&hellip;]<\/p>\n","protected":false},"author":1,"featured_media":0,"parent":0,"menu_order":0,"comment_status":"closed","ping_status":"closed","template":"home-panels.php","meta":{"footnotes":""},"class_list":["post-59","page","type-page","status-publish","hentry","post"],"_links":{"self":[{"href":"https:\/\/savrp.de\/doj\/wp-json\/wp\/v2\/pages\/59","targetHints":{"allow":["GET"]}}],"collection":[{"href":"https:\/\/savrp.de\/doj\/wp-json\/wp\/v2\/pages"}],"about":[{"href":"https:\/\/savrp.de\/doj\/wp-json\/wp\/v2\/types\/page"}],"author":[{"embeddable":true,"href":"https:\/\/savrp.de\/doj\/wp-json\/wp\/v2\/users\/1"}],"replies":[{"embeddable":true,"href":"https:\/\/savrp.de\/doj\/wp-json\/wp\/v2\/comments?post=59"}],"version-history":[{"count":1,"href":"https:\/\/savrp.de\/doj\/wp-json\/wp\/v2\/pages\/59\/revisions"}],"predecessor-version":[{"id":60,"href":"https:\/\/savrp.de\/doj\/wp-json\/wp\/v2\/pages\/59\/revisions\/60"}],"wp:attachment":[{"href":"https:\/\/savrp.de\/doj\/wp-json\/wp\/v2\/media?parent=59"}],"curies":[{"name":"wp","href":"https:\/\/api.w.org\/{rel}","templated":true}]}}